{"id":6,"date":"2014-01-01T20:40:42","date_gmt":"2014-01-01T20:40:42","guid":{"rendered":"http:\/\/nestrel.cz\/?page_id=6"},"modified":"2021-12-07T12:05:57","modified_gmt":"2021-12-07T11:05:57","slug":"kontakty","status":"publish","type":"page","link":"https:\/\/nestrel.cz\/","title":{"rendered":"Kontakty"},"content":{"rendered":"<p>Spole\u010dnost NESTREL a.s., identifika\u010dn\u00ed \u010d\u00edslo 257 73 216, se s\u00eddlem Praha 8, Ke H\u0159i\u0161ti 776\/24, PS\u010c 181 00, \u010cesk\u00e1 republika, zapsan\u00e1 v obchodn\u00edm rejst\u0159\u00edku veden\u00e9m M\u011bstsk\u00fdm soudem v Praze, odd\u00edl B, vlo\u017eka 5981 (\u201eSpole\u010dnost\u201c), je \u010dlenem koncernu, ve kter\u00e9m je \u0159\u00edd\u00edc\u00ed osobou (tedy i ve vztahu ke Spole\u010dnosti) pan Oto Fibich, dat. nar. 14.9.1954, bytem Praha 8, Ke H\u0159i\u0161ti 776\/24, PS\u010c 181 00, \u010cesk\u00e1 republika. Z\u00e1kladn\u00ed kapit\u00e1l Spole\u010dnosti \u010din\u00ed 1.002.000 K\u010d a je pln\u011b splacen.<\/p>\n<p><iframe loading=\"lazy\" style=\"border: 0;\" src=\"https:\/\/www.google.com\/maps\/embed?pb=!1m18!1m12!1m3!1d639.7994056579169!2d14.504082429273966!3d50.10130785894194!2m3!1f0!2f0!3f0!3m2!1i1024!2i768!4f13.1!3m3!1m2!1s0x470b93334fd6090f%3A0xc16ea617d60a5649!2sU%20Harfy%20272%2C%20190%2000%20Praha%209-Vyso%C4%8Dany!5e0!3m2!1scs!2scz!4v1638875015170!5m2!1scs!2scz\" width=\"100%\" height=\"450\" allowfullscreen=\"allowfullscreen\"><\/iframe><\/p>\n<div class=\"bigContact\"><div class=\"bigContact-phone\"><h3>Kancel\u00e1\u0159<\/h3><ul><li><span class=\"bigContact-label\">Telefon:<\/span><span class=\"bigContact-value\">+420 284 686 560<\/span><\/li><li><span class=\"bigContact-label\">Adresa:<\/span><span class=\"bigContact-value\">U Harfy 272\/6, 190 00 Praha 9<\/span><\/li><\/ul><\/div><\/div>\n<div class=\"bigContact\"><div class=\"bigContact-emails\"><h3>E-mail<\/h3><ul><li><span class=\"bigContact-label\">Oto Fibich:<\/span><span class=\"bigContact-value\"><a href=\"mailto:&#111;&#116;&#111;&#46;&#102;&#105;&#98;&#105;&#99;&#104;&#64;&#110;&#101;&#115;&#116;&#114;&#101;&#108;&#46;&#99;&#122;\">oto.fibich@nestrel.cz<\/a><\/span><\/li><li><span class=\"bigContact-label\">Jaroslava Str\u00e1nsk\u00e1 (vedouc\u00ed kancel\u00e1\u0159e):<\/span><span class=\"bigContact-value\"><a href=\"mailto:&#106;&#97;&#114;&#111;&#115;&#108;&#97;&#118;&#97;&#46;&#115;&#116;&#114;&#97;&#110;&#115;&#107;&#97;&#64;&#110;&#101;&#115;&#116;&#114;&#101;&#108;&#46;&#99;&#122;\">jaroslava.stranska@nestrel.cz<\/a><\/span><\/li><\/ul><\/div><\/div>\n<div class=\"bigContact\"><div id=\"bigContact-results\"><\/div><h3>Napi\u0161te n\u00e1m<\/h3><form id=\"bigContact-form\" action=\"https:\/\/nestrel.cz\/wp-content\/plugins\/bigcontact\/include\/contact-json.php\" method=\"post\"><input type=\"hidden\" id=\"token\" name=\"token\" value=\"\" \/><ul class=\"bigContact-halfSize\"><li><label for=\"bigContact-fullname\">Cel\u00e9 jm\u00e9no<\/label><span><input type=\"text\" name=\"bigContact-fullname\" id=\"bigContact-fullname\" class=\"BigContact-input\" required tabindex=\"1\" \/><\/span><\/li><li><label for=\"bigContact-email\">Email<\/label><span><input type=\"email\" name=\"bigContact-email\" id=\"bigContact-email\" class=\"BigContact-input\" required tabindex=\"2\" \/><\/span><\/li><li><label for=\"bigContact-phone\">Telefon<\/label><span><input type=\"text\" name=\"bigContact-phone\" id=\"bigContact-phone\" class=\"BigContact-input\" tabindex=\"3\" \/><\/span><\/li><li><label for=\"bigContact-extra\">P\u0159edm\u011bt<\/label><span><input type=\"text\" name=\"bigContact-extra\" id=\"bigContact-extra\" class=\"BigContact-input\" tabindex=\"4\"\/><\/span><\/li> <li class=\"bigContact-hidden\"><label for=\"bigContact-john-doe\">If you are serious about sending this message you better leave the following field empty.<\/label><input type=\"text\" name=\"bigContact-john-doe\" id=\"bigContact-john-doe\" value=\"\" \/><\/li><\/ul><ul class=\"bigContact-fullSize\"><li><label for=\"bigContact-message\">Zpr\u00e1va<\/label><textarea name=\"bigContact-message\" id=\"bigContact-message\" rows=\"5\" required tabindex=\"4\"><\/textarea><\/li><li><input id=\"bigContact-submit\" type=\"submit\" value=\"Odeslat E-mail\" \/><span id=\"bigContact-loading\"><\/span><\/li><li class=\"clearfix\"><\/li><\/ul><\/form><\/div>\n","protected":false},"excerpt":{"rendered":"<p>Spole\u010dnost NESTREL a.s., identifika\u010dn\u00ed \u010d\u00edslo 257 73 216, se s\u00eddlem Praha 8, Ke H\u0159i\u0161ti 776\/24, PS\u010c 181 00, \u010cesk\u00e1 republika, zapsan\u00e1 v obchodn\u00edm rejst\u0159\u00edku veden\u00e9m M\u011bstsk\u00fdm soudem v Praze, odd\u00edl B, vlo\u017eka 5981 (\u201eSpole\u010dnost\u201c), je \u010dlenem koncernu, ve kter\u00e9m je&hellip; <\/p>\n","protected":false},"author":1,"featured_media":0,"parent":0,"menu_order":0,"comment_status":"closed","ping_status":"closed","template":"","meta":[],"_links":{"self":[{"href":"https:\/\/nestrel.cz\/index.php?rest_route=\/wp\/v2\/pages\/6"}],"collection":[{"href":"https:\/\/nestrel.cz\/index.php?rest_route=\/wp\/v2\/pages"}],"about":[{"href":"https:\/\/nestrel.cz\/index.php?rest_route=\/wp\/v2\/types\/page"}],"author":[{"embeddable":true,"href":"https:\/\/nestrel.cz\/index.php?rest_route=\/wp\/v2\/users\/1"}],"replies":[{"embeddable":true,"href":"https:\/\/nestrel.cz\/index.php?rest_route=%2Fwp%2Fv2%2Fcomments&post=6"}],"version-history":[{"count":11,"href":"https:\/\/nestrel.cz\/index.php?rest_route=\/wp\/v2\/pages\/6\/revisions"}],"predecessor-version":[{"id":29,"href":"https:\/\/nestrel.cz\/index.php?rest_route=\/wp\/v2\/pages\/6\/revisions\/29"}],"wp:attachment":[{"href":"https:\/\/nestrel.cz\/index.php?rest_route=%2Fwp%2Fv2%2Fmedia&parent=6"}],"curies":[{"name":"wp","href":"https:\/\/api.w.org\/{rel}","templated":true}]}}